{"id":153,"date":"2019-06-13T06:14:08","date_gmt":"2019-06-13T06:14:08","guid":{"rendered":"http:\/\/www.ucluce.org\/?page_id=153"},"modified":"2021-03-14T17:02:55","modified_gmt":"2021-03-14T17:02:55","slug":"dogal-urunlerimiz","status":"publish","type":"page","link":"https:\/\/www.ucluce.org\/?page_id=153","title":{"rendered":"Do\u011fal \u00dcr\u00fcnlerimiz"},"content":{"rendered":"\n<p>MANTAR:<\/p>\n\n\n\n<p>Kanl\u0131ca, Karacao\u011flan, S\u0131rt\u0131g\u00f6k\u00e7e, S\u0131\u011f\u0131rdili, Eni\u015fte Mantar\u0131, Kurt Kula\u011f\u0131, M\u0131h Tepesi, Kiraz Mantar\u0131, Kara Mantar isimleriyle bilinen mantar t\u00fcrleri mevsimine g\u00f6re k\u00f6y\u00fcm\u00fcz ormanlar\u0131nda bolca yeti\u015fmektedir. <\/p>\n\n\n\n<p>MEYVE:<\/p>\n\n\n\n<p>Ferik Elmas\u0131, Ac\u0131 (Ya\u011fl\u0131) Elma, Ah\u0131k Kiraz\u0131, Harman Kiraz\u0131 y\u00f6remize ait meyve \u00e7e\u015fitleridir. \u0130l\u00e7emiz genelinde oldu\u011fu gibi me\u015fhur \u0130nebolu Kuz Kestanesi k\u00f6y\u00fcm\u00fczde bolca yeti\u015fmektedir. <\/p>\n","protected":false},"excerpt":{"rendered":"<p>MANTAR: Kanl\u0131ca, Karacao\u011flan, S\u0131rt\u0131g\u00f6k\u00e7e, S\u0131\u011f\u0131rdili, Eni\u015fte Mantar\u0131, Kurt Kula\u011f\u0131, M\u0131h&#8230;<\/p>\n","protected":false},"author":1,"featured_media":0,"parent":0,"menu_order":0,"comment_status":"closed","ping_status":"closed","template":"","meta":[],"_links":{"self":[{"href":"https:\/\/www.ucluce.org\/index.php?rest_route=\/wp\/v2\/pages\/153"}],"collection":[{"href":"https:\/\/www.ucluce.org\/index.php?rest_route=\/wp\/v2\/pages"}],"about":[{"href":"https:\/\/www.ucluce.org\/index.php?rest_route=\/wp\/v2\/types\/page"}],"author":[{"embeddable":true,"href":"https:\/\/www.ucluce.org\/index.php?rest_route=\/wp\/v2\/users\/1"}],"replies":[{"embeddable":true,"href":"https:\/\/www.ucluce.org\/index.php?rest_route=%2Fwp%2Fv2%2Fcomments&post=153"}],"version-history":[{"count":5,"href":"https:\/\/www.ucluce.org\/index.php?rest_route=\/wp\/v2\/pages\/153\/revisions"}],"predecessor-version":[{"id":941,"href":"https:\/\/www.ucluce.org\/index.php?rest_route=\/wp\/v2\/pages\/153\/revisions\/941"}],"wp:attachment":[{"href":"https:\/\/www.ucluce.org\/index.php?rest_route=%2Fwp%2Fv2%2Fmedia&parent=153"}],"curies":[{"name":"wp","href":"https:\/\/api.w.org\/{rel}","templated":true}]}}