{"id":157,"date":"2019-06-13T06:14:19","date_gmt":"2019-06-13T06:14:19","guid":{"rendered":"http:\/\/www.ucluce.org\/?page_id=157"},"modified":"2019-06-22T09:45:14","modified_gmt":"2019-06-22T09:45:14","slug":"mahallelerimiz","status":"publish","type":"page","link":"https:\/\/www.ucluce.org\/?page_id=157","title":{"rendered":"Mahallelerimiz"},"content":{"rendered":"\n<p>Fiili olarak Kabahahmet, Kele\u015fo\u011flu, Tokatl\u0131, B\u00f6rek\u00e7i ve A\u015fa\u011f\u0131 Mahalle olmak \u00fczere be\u015f mahalle, Kabaahmet, Merkez ve A\u015fa\u011f\u0131 Mahalle olmak \u00fczere \u00fc\u00e7 yerle\u015fim merkezinden olu\u015fmaktad\u0131r. K\u00f6y\u00fcm\u00fcz\u00fcn isminin \u00dc\u00e7l\u00fcce olarak  belirlenmesinde de bu \u00fc\u00e7 yerle\u015fim yerinin etkisi olmu\u015ftur. <\/p>\n","protected":false},"excerpt":{"rendered":"<p>Fiili olarak Kabahahmet, Kele\u015fo\u011flu, Tokatl\u0131, B\u00f6rek\u00e7i ve A\u015fa\u011f\u0131 Mahalle olmak&#8230;<\/p>\n","protected":false},"author":1,"featured_media":0,"parent":0,"menu_order":0,"comment_status":"closed","ping_status":"closed","template":"","meta":[],"_links":{"self":[{"href":"https:\/\/www.ucluce.org\/index.php?rest_route=\/wp\/v2\/pages\/157"}],"collection":[{"href":"https:\/\/www.ucluce.org\/index.php?rest_route=\/wp\/v2\/pages"}],"about":[{"href":"https:\/\/www.ucluce.org\/index.php?rest_route=\/wp\/v2\/types\/page"}],"author":[{"embeddable":true,"href":"https:\/\/www.ucluce.org\/index.php?rest_route=\/wp\/v2\/users\/1"}],"replies":[{"embeddable":true,"href":"https:\/\/www.ucluce.org\/index.php?rest_route=%2Fwp%2Fv2%2Fcomments&post=157"}],"version-history":[{"count":4,"href":"https:\/\/www.ucluce.org\/index.php?rest_route=\/wp\/v2\/pages\/157\/revisions"}],"predecessor-version":[{"id":315,"href":"https:\/\/www.ucluce.org\/index.php?rest_route=\/wp\/v2\/pages\/157\/revisions\/315"}],"wp:attachment":[{"href":"https:\/\/www.ucluce.org\/index.php?rest_route=%2Fwp%2Fv2%2Fmedia&parent=157"}],"curies":[{"name":"wp","href":"https:\/\/api.w.org\/{rel}","templated":true}]}}