{"id":535,"date":"2019-11-14T13:16:14","date_gmt":"2019-11-14T13:16:14","guid":{"rendered":"http:\/\/www.ucluce.org\/?page_id=535"},"modified":"2026-02-09T06:20:22","modified_gmt":"2026-02-09T06:20:22","slug":"yeni-uyelik","status":"publish","type":"page","link":"https:\/\/www.ucluce.org\/?page_id=535","title":{"rendered":"Yeni \u00dcyelik"},"content":{"rendered":"\n<div class=\"wpcf7 no-js\" id=\"wpcf7-f529-o1\" lang=\"tr-TR\" dir=\"ltr\">\n<div class=\"screen-reader-response\"><p role=\"status\" aria-live=\"polite\" aria-atomic=\"true\"><\/p> <ul><\/ul><\/div>\n<form action=\"\/index.php?rest_route=%2Fwp%2Fv2%2Fpages%2F535#wpcf7-f529-o1\" method=\"post\" class=\"wpcf7-form init\" aria-label=\"Contact form\" novalidate=\"novalidate\" data-status=\"init\">\n<div style=\"display: none;\">\n<input type=\"hidden\" name=\"_wpcf7\" value=\"529\" \/>\n<input type=\"hidden\" name=\"_wpcf7_version\" value=\"5.7.7\" \/>\n<input type=\"hidden\" name=\"_wpcf7_locale\" value=\"tr_TR\" \/>\n<input type=\"hidden\" name=\"_wpcf7_unit_tag\" value=\"wpcf7-f529-o1\" \/>\n<input type=\"hidden\" name=\"_wpcf7_container_post\" value=\"0\" \/>\n<input type=\"hidden\" name=\"_wpcf7_posted_data_hash\" value=\"\" \/>\n<\/div>\n<p><label> Ad\u0131n\u0131z Soyad\u0131n\u0131z (gerekli)<br \/>\n<span class=\"wpcf7-form-control-wrap\" data-name=\"your-name\"><input size=\"40\" class=\"wpcf7-form-control wpcf7-text wpcf7-validates-as-required\" aria-required=\"true\" aria-invalid=\"false\" value=\"\" type=\"text\" name=\"your-name\" \/><\/span> <\/label>\n<\/p>\n<p><label> T.C. Kimlik No<br \/>\n<span class=\"wpcf7-form-control-wrap\" data-name=\"tc-no\"><input size=\"40\" class=\"wpcf7-form-control wpcf7-text wpcf7-validates-as-required\" aria-required=\"true\" aria-invalid=\"false\" value=\"\" type=\"text\" name=\"tc-no\" \/><\/span> <\/label>\n<\/p>\n<p><label> Anne Ad\u0131<br \/>\n<span class=\"wpcf7-form-control-wrap\" data-name=\"mother-name\"><input size=\"40\" class=\"wpcf7-form-control wpcf7-text\" aria-invalid=\"false\" value=\"\" type=\"text\" name=\"mother-name\" \/><\/span> <\/label>\n<\/p>\n<p><label> Baba Ad\u0131<br \/>\n<span class=\"wpcf7-form-control-wrap\" data-name=\"father-name\"><input size=\"40\" class=\"wpcf7-form-control wpcf7-text\" aria-invalid=\"false\" value=\"\" type=\"text\" name=\"father-name\" \/><\/span> <\/label>\n<\/p>\n<p><label> Do\u011fum Yeri<br \/>\n<span class=\"wpcf7-form-control-wrap\" data-name=\"birth-place\"><input size=\"40\" class=\"wpcf7-form-control wpcf7-text\" aria-invalid=\"false\" value=\"\" type=\"text\" name=\"birth-place\" \/><\/span> <\/label>\n<\/p>\n<p><label> Do\u011fum Tarihi<br \/>\n<span class=\"wpcf7-form-control-wrap\" data-name=\"birth-date\"><input size=\"40\" class=\"wpcf7-form-control wpcf7-text\" aria-invalid=\"false\" value=\"\" type=\"text\" name=\"birth-date\" \/><\/span> <\/label>\n<\/p>\n<p><label> \u00d6\u011frenim Durumu<br \/>\n<span class=\"wpcf7-form-control-wrap\" data-name=\"education\"><select class=\"wpcf7-form-control wpcf7-select wpcf7-validates-as-required\" aria-required=\"true\" aria-invalid=\"false\" name=\"education\"><option value=\"Se\u00e7iniz\">Se\u00e7iniz<\/option><option value=\"Okur Yazar\">Okur Yazar<\/option><option value=\"\u0130lkokul\">\u0130lkokul<\/option><option value=\"Ortaokul\">Ortaokul<\/option><option value=\"Lise\">Lise<\/option><option value=\"\u00d6n Lisans\">\u00d6n Lisans<\/option><option value=\"Lisans\">Lisans<\/option><option value=\"Lisans \u00dcst\u00fc\">Lisans \u00dcst\u00fc<\/option><\/select><\/span><\/label>\n<\/p>\n<p><label> Mesle\u011finiz<br \/>\n<span class=\"wpcf7-form-control-wrap\" data-name=\"profession\"><input size=\"40\" class=\"wpcf7-form-control wpcf7-text\" aria-invalid=\"false\" value=\"\" type=\"text\" name=\"profession\" \/><\/span> <\/label>\n<\/p>\n<p><label> Kan Grubu<br \/>\n<span class=\"wpcf7-form-control-wrap\" data-name=\"blood-type\"><select class=\"wpcf7-form-control wpcf7-select wpcf7-validates-as-required\" aria-required=\"true\" aria-invalid=\"false\" name=\"blood-type\"><option value=\"Se\u00e7iniz\">Se\u00e7iniz<\/option><option value=\"A Rh+\">A Rh+<\/option><option value=\"A Rh-\">A Rh-<\/option><option value=\"B Rh+\">B Rh+<\/option><option value=\"B Rh-\">B Rh-<\/option><option value=\"AB Rh+\">AB Rh+<\/option><option value=\"AB Rh-\">AB Rh-<\/option><option value=\"0 Rh+\">0 Rh+<\/option><option value=\"0 Rh-\">0 Rh-<\/option><\/select><\/span><\/label>\n<\/p>\n<p><label> Cep Telefonu<br \/>\n<span class=\"wpcf7-form-control-wrap\" data-name=\"mobile-phone\"><input size=\"40\" class=\"wpcf7-form-control wpcf7-text wpcf7-tel wpcf7-validates-as-tel\" aria-invalid=\"false\" value=\"\" type=\"tel\" name=\"mobile-phone\" \/><\/span> <\/label>\n<\/p>\n<p><label> E-posta adresiniz (gerekli)<br \/>\n<span class=\"wpcf7-form-control-wrap\" data-name=\"your-email\"><input size=\"40\" class=\"wpcf7-form-control wpcf7-text wpcf7-email wpcf7-validates-as-required wpcf7-validates-as-email\" aria-required=\"true\" aria-invalid=\"false\" value=\"\" type=\"email\" name=\"your-email\" \/><\/span> <\/label>\n<\/p>\n<p><label> Ev Adresi<br \/>\n<span class=\"wpcf7-form-control-wrap\" data-name=\"home-address\"><textarea cols=\"40\" rows=\"10\" class=\"wpcf7-form-control wpcf7-textarea\" aria-invalid=\"false\" name=\"home-address\"><\/textarea><\/span> <\/label>\n<\/p>\n<p><label> G\u00f6r\u00fc\u015f \/ \u00d6neri<br \/>\n<span class=\"wpcf7-form-control-wrap\" data-name=\"your-message\"><textarea cols=\"40\" rows=\"10\" class=\"wpcf7-form-control wpcf7-textarea\" aria-invalid=\"false\" name=\"your-message\"><\/textarea><\/span> <\/label>\n<\/p>\n<p><input class=\"wpcf7-form-control has-spinner wpcf7-submit\" type=\"submit\" value=\"G\u00f6nder\" \/>\n<\/p><div class=\"wpcf7-response-output\" aria-hidden=\"true\"><\/div>\n<\/form>\n<\/div>\n\n\n\n\n<p>Derne\u011finizin amac\u0131n\u0131n ger\u00e7ekle\u015ftirilmesine katk\u0131da bulunmak gayesiyle \u00fcye olmak istiyorum. Yukar\u0131da verdi\u011fim bilgilerin do\u011frulu\u011funu ve her y\u0131l Y\u00f6netim Kurulu taraf\u0131ndan belirlenen y\u0131ll\u0131k \u00fcye aidat\u0131n\u0131*  \u00f6demeyi kabul ediyorum.<\/p>\n\n\n\n<p>*2026 y\u0131l\u0131 i\u00e7in y\u0131ll\u0131k \u00fcye aidat\u0131 600-TL&#8217;dir.<\/p>\n","protected":false},"excerpt":{"rendered":"<p>Derne\u011finizin amac\u0131n\u0131n ger\u00e7ekle\u015ftirilmesine katk\u0131da bulunmak gayesiyle \u00fcye olmak istiyorum. Yukar\u0131da&#8230;<\/p>\n","protected":false},"author":1,"featured_media":0,"parent":0,"menu_order":0,"comment_status":"closed","ping_status":"closed","template":"","meta":[],"_links":{"self":[{"href":"https:\/\/www.ucluce.org\/index.php?rest_route=\/wp\/v2\/pages\/535"}],"collection":[{"href":"https:\/\/www.ucluce.org\/index.php?rest_route=\/wp\/v2\/pages"}],"about":[{"href":"https:\/\/www.ucluce.org\/index.php?rest_route=\/wp\/v2\/types\/page"}],"author":[{"embeddable":true,"href":"https:\/\/www.ucluce.org\/index.php?rest_route=\/wp\/v2\/users\/1"}],"replies":[{"embeddable":true,"href":"https:\/\/www.ucluce.org\/index.php?rest_route=%2Fwp%2Fv2%2Fcomments&post=535"}],"version-history":[{"count":8,"href":"https:\/\/www.ucluce.org\/index.php?rest_route=\/wp\/v2\/pages\/535\/revisions"}],"predecessor-version":[{"id":1138,"href":"https:\/\/www.ucluce.org\/index.php?rest_route=\/wp\/v2\/pages\/535\/revisions\/1138"}],"wp:attachment":[{"href":"https:\/\/www.ucluce.org\/index.php?rest_route=%2Fwp%2Fv2%2Fmedia&parent=535"}],"curies":[{"name":"wp","href":"https:\/\/api.w.org\/{rel}","templated":true}]}}