{"id":581,"date":"2020-03-30T13:33:46","date_gmt":"2020-03-30T13:33:46","guid":{"rendered":"http:\/\/www.ucluce.org\/?page_id=581"},"modified":"2020-05-15T10:21:29","modified_gmt":"2020-05-15T10:21:29","slug":"banka-hesap-numarasi","status":"publish","type":"page","link":"https:\/\/www.ucluce.org\/?page_id=581","title":{"rendered":"Banka Hesap Numaras\u0131"},"content":{"rendered":"\n<p>Kuveyt T\u00fcrk Kat\u0131l\u0131m Bankas\u0131 Kas\u0131mpa\u015fa \u015eubesi<\/p>\n\n\n\n<p>Hesap Ad\u0131: Kastamonu \u0130nebolu \u00dc\u00e7l\u00fcce K\u00f6y\u00fc Derne\u011fi<\/p>\n\n\n\n<p>IBAN: TR880020500009584123700001<\/p>\n\n\n\n<p><\/p>\n\n\n\n<p>Derne\u011fimize yapaca\u011f\u0131n\u0131z aidat, ba\u011f\u0131\u015f ve yard\u0131mlar\u0131 a\u015fa\u011f\u0131daki\ny\u00f6ntemlerle yapabilirsiniz. <\/p>\n\n\n\n<p>Derne\u011fimizin yukar\u0131da belirtilen IBAN numaras\u0131na, bankan\u0131z size \u00fccretsiz EFT veya havale hizmeti veriyorsa direk hesaba g\u00f6nderebilirsiniz. B\u00f6yle imk\u00e2n\u0131n\u0131z yoksa Kuveyt T\u00fcrk Kat\u0131l\u0131m Bankas\u0131\u2019n\u0131n ATM makinelerinden \u00fccretsiz olarak yat\u0131rabilirsiniz (\u015fubeden yat\u0131r\u0131ld\u0131\u011f\u0131nda havale \u00fccreti al\u0131nmaktad\u0131r). <\/p>\n\n\n\n<p>Web sayfam\u0131z \u00fczerinden ya da \u00fcye program\u0131 \u00fczerinden kredi kart\u0131n\u0131zla \u00f6deyebilirsiniz. <\/p>\n\n\n\n<p>Kredi kart\u0131 bilgilerinizi dernek sayman\u0131 Tuncay Aksu\u2019ya\nbildirerek otomatik \u00f6deme talimat\u0131 verebilirsiniz. Bu y\u00f6ntemle ister tek\nseferde isterseniz birka\u00e7 taksite b\u00f6lerek \u00f6deme talimat\u0131 verebilirsiniz.<\/p>\n\n\n\n<p><\/p>\n","protected":false},"excerpt":{"rendered":"<p>Kuveyt T\u00fcrk Kat\u0131l\u0131m Bankas\u0131 Kas\u0131mpa\u015fa \u015eubesi Hesap Ad\u0131: Kastamonu \u0130nebolu&#8230;<\/p>\n","protected":false},"author":1,"featured_media":0,"parent":0,"menu_order":0,"comment_status":"closed","ping_status":"closed","template":"","meta":[],"_links":{"self":[{"href":"https:\/\/www.ucluce.org\/index.php?rest_route=\/wp\/v2\/pages\/581"}],"collection":[{"href":"https:\/\/www.ucluce.org\/index.php?rest_route=\/wp\/v2\/pages"}],"about":[{"href":"https:\/\/www.ucluce.org\/index.php?rest_route=\/wp\/v2\/types\/page"}],"author":[{"embeddable":true,"href":"https:\/\/www.ucluce.org\/index.php?rest_route=\/wp\/v2\/users\/1"}],"replies":[{"embeddable":true,"href":"https:\/\/www.ucluce.org\/index.php?rest_route=%2Fwp%2Fv2%2Fcomments&post=581"}],"version-history":[{"count":7,"href":"https:\/\/www.ucluce.org\/index.php?rest_route=\/wp\/v2\/pages\/581\/revisions"}],"predecessor-version":[{"id":626,"href":"https:\/\/www.ucluce.org\/index.php?rest_route=\/wp\/v2\/pages\/581\/revisions\/626"}],"wp:attachment":[{"href":"https:\/\/www.ucluce.org\/index.php?rest_route=%2Fwp%2Fv2%2Fmedia&parent=581"}],"curies":[{"name":"wp","href":"https:\/\/api.w.org\/{rel}","templated":true}]}}